{"id":2,"date":"2021-05-03T19:29:31","date_gmt":"2021-05-03T19:29:31","guid":{"rendered":"https:\/\/www.haznedarsu.com.tr\/siparis\/?page_id=2"},"modified":"2021-05-03T22:15:52","modified_gmt":"2021-05-03T22:15:52","slug":"sample-page","status":"publish","type":"page","link":"https:\/\/www.haznedarsu.com.tr\/siparis\/","title":{"rendered":"Ba\u015fl\u0131ks\u0131z"},"content":{"rendered":"\n<p class=\"has-text-align-center\"><div role=\"form\" class=\"wpcf7\" id=\"wpcf7-f6-o1\" lang=\"tr-TR\" dir=\"ltr\">\n<div class=\"screen-reader-response\"><p role=\"status\" aria-live=\"polite\" aria-atomic=\"true\"><\/p> <ul><\/ul><\/div>\n<form action=\"\/siparis\/wp-json\/wp\/v2\/pages\/2#wpcf7-f6-o1\" method=\"post\" class=\"wpcf7-form init\" novalidate=\"novalidate\" data-status=\"init\">\n<div style=\"display: none;\">\n<input type=\"hidden\" name=\"_wpcf7\" value=\"6\" \/>\n<input type=\"hidden\" name=\"_wpcf7_version\" value=\"5.4.1\" \/>\n<input type=\"hidden\" name=\"_wpcf7_locale\" value=\"tr_TR\" \/>\n<input type=\"hidden\" name=\"_wpcf7_unit_tag\" value=\"wpcf7-f6-o1\" \/>\n<input type=\"hidden\" name=\"_wpcf7_container_post\" value=\"0\" \/>\n<input type=\"hidden\" name=\"_wpcf7_posted_data_hash\" value=\"\" \/>\n<\/div>\n<p><center><br \/>\n<label> Telefon Numaran\u0131z<br \/>\n    <span class=\"wpcf7-form-control-wrap telefon\"><input type=\"tel\" name=\"telefon\" value=\"\" size=\"40\" class=\"wpcf7-form-control wpcf7-text wpcf7-tel wpcf7-validates-as-required wpcf7-validates-as-tel\" aria-required=\"true\" aria-invalid=\"false\" placeholder=\"Telefon Numaran\u0131z\" \/><\/span><\/label><\/p>\n<p><label> Sipari\u015f Adetiniz<br \/>\n<span class=\"wpcf7-form-control-wrap damacanaadet\"><select name=\"damacanaadet\" class=\"wpcf7-form-control wpcf7-select wpcf7-validates-as-required\" aria-required=\"true\" aria-invalid=\"false\"><option value=\"\">---<\/option><option value=\"1 adet 19LT\">1 adet 19LT<\/option><option value=\"2 adet 19LT\">2 adet 19LT<\/option><option value=\"3 adet 19LT\">3 adet 19LT<\/option><option value=\"4 adet 19LT\">4 adet 19LT<\/option><option value=\"5 adet 19LT\">5 adet 19LT<\/option><option value=\"6 adet 19LT\">6 adet 19LT<\/option><option value=\"7 adet 19LT\">7 adet 19LT<\/option><option value=\"8 adet 19LT\">8 adet 19LT<\/option><option value=\"9 adet 19LT\">9 adet 19LT<\/option><option value=\"10 adet 19LT\">10 adet 19LT<\/option><\/select><\/span><\/label><\/p>\n<p><br><\/center><br \/>\n<input type=\"submit\" value=\"Sipari\u015f Ver\" class=\"wpcf7-form-control wpcf7-submit\" \/><\/p>\n<div class=\"wpcf7-response-output\" aria-hidden=\"true\"><\/div><\/form><\/div><\/p>\n","protected":false},"excerpt":{"rendered":"","protected":false},"author":1,"featured_media":0,"parent":0,"menu_order":0,"comment_status":"closed","ping_status":"open","template":"","meta":{"footnotes":""},"class_list":["post-2","page","type-page","status-publish","hentry","entry"],"_links":{"self":[{"href":"https:\/\/www.haznedarsu.com.tr\/siparis\/wp-json\/wp\/v2\/pages\/2","targetHints":{"allow":["GET"]}}],"collection":[{"href":"https:\/\/www.haznedarsu.com.tr\/siparis\/wp-json\/wp\/v2\/pages"}],"about":[{"href":"https:\/\/www.haznedarsu.com.tr\/siparis\/wp-json\/wp\/v2\/types\/page"}],"author":[{"embeddable":true,"href":"https:\/\/www.haznedarsu.com.tr\/siparis\/wp-json\/wp\/v2\/users\/1"}],"replies":[{"embeddable":true,"href":"https:\/\/www.haznedarsu.com.tr\/siparis\/wp-json\/wp\/v2\/comments?post=2"}],"version-history":[{"count":2,"href":"https:\/\/www.haznedarsu.com.tr\/siparis\/wp-json\/wp\/v2\/pages\/2\/revisions"}],"predecessor-version":[{"id":13,"href":"https:\/\/www.haznedarsu.com.tr\/siparis\/wp-json\/wp\/v2\/pages\/2\/revisions\/13"}],"wp:attachment":[{"href":"https:\/\/www.haznedarsu.com.tr\/siparis\/wp-json\/wp\/v2\/media?parent=2"}],"curies":[{"name":"wp","href":"https:\/\/api.w.org\/{rel}","templated":true}]}}